{"id":1136,"date":"2020-10-19T21:20:21","date_gmt":"2020-10-19T19:20:21","guid":{"rendered":"https:\/\/sulzerstg.wpenginepowered.com\/?page_id=1136"},"modified":"2026-02-25T14:58:29","modified_gmt":"2026-02-25T13:58:29","slug":"aviso-legal","status":"publish","type":"page","link":"https:\/\/www.sulzer.de\/es\/aviso-legal\/","title":{"rendered":"Aviso legal"},"content":{"rendered":"<style>.kb-row-layout-id1136_7f9ea7-18 > .kt-row-column-wrap{align-content:start;}:where(.kb-row-layout-id1136_7f9ea7-18 > .kt-row-column-wrap) > .wp-block-kadence-column{justify-content:start;}.kb-row-layout-id1136_7f9ea7-18 > .kt-row-column-wrap{column-gap:80px;row-gap:var(--global-kb-gap-md, 2rem);max-width:1310px;margin-left:auto;margin-right:auto;padding-top:80px;padding-right:40px;padding-bottom:30px;padding-left:40px;grid-template-columns:repeat(2, minmax(0, 1fr));}.kb-row-layout-id1136_7f9ea7-18 > .kt-row-layout-overlay{opacity:0.30;}.kb-row-layout-id1136_7f9ea7-18 .kt-row-layout-bottom-sep{height:100px;}.kb-row-layout-id1136_7f9ea7-18 .kt-row-layout-bottom-sep svg{width:100%;}.kb-row-layout-id1136_7f9ea7-18 .kt-row-layout-bottom-sep svg{fill:#ffffff!important;}@media all and (max-width: 1024px){.kb-row-layout-id1136_7f9ea7-18 > .kt-row-column-wrap{padding-top:80px;padding-right:30px;padding-bottom:30px;padding-left:30px;grid-template-columns:repeat(2, minmax(0, 1fr));}}@media all and (max-width: 1024px){.kb-row-layout-id1136_7f9ea7-18 .kt-row-layout-bottom-sep{height:px;}}@media all and (max-width: 1024px){.kb-row-layout-id1136_7f9ea7-18 .kt-row-layout-bottom-sep svg{width:%;}}@media all and (max-width: 767px){.kb-row-layout-id1136_7f9ea7-18 > .kt-row-column-wrap{padding-top:40px;padding-right:15px;padding-bottom:0px;padding-left:15px;grid-template-columns:minmax(0, 1fr);}.kb-row-layout-id1136_7f9ea7-18 .kt-row-layout-bottom-sep{height:px;}.kb-row-layout-id1136_7f9ea7-18 .kt-row-layout-bottom-sep svg{width:%;}}<\/style><div class=\"kb-row-layout-wrap kb-row-layout-id1136_7f9ea7-18 alignnone wp-block-kadence-rowlayout\"><div class=\"kt-row-column-wrap kt-has-2-columns kt-row-layout-equal kt-tab-layout-inherit kt-mobile-layout-row kt-row-valign-top kt-inner-column-height-full\">\n<style>.kadence-column1136_0d45df-8c > .kt-inside-inner-col,.kadence-column1136_0d45df-8c > .kt-inside-inner-col:before{border-top-left-radius:0px;border-top-right-radius:0px;border-bottom-right-radius:0px;border-bottom-left-radius:0px;}.kadence-column1136_0d45df-8c > .kt-inside-inner-col{column-gap:var(--global-kb-gap-sm, 1rem);}.kadence-column1136_0d45df-8c > .kt-inside-inner-col{flex-direction:column;}.kadence-column1136_0d45df-8c > .kt-inside-inner-col > .aligncenter{width:100%;}.kadence-column1136_0d45df-8c > .kt-inside-inner-col:before{opacity:0.3;}.kadence-column1136_0d45df-8c{position:relative;}@media all and (max-width: 1024px){.kadence-column1136_0d45df-8c > .kt-inside-inner-col{flex-direction:column;justify-content:center;}}@media all and (max-width: 767px){.kadence-column1136_0d45df-8c > .kt-inside-inner-col{flex-direction:column;justify-content:center;}}<\/style>\n<div class=\"wp-block-kadence-column kadence-column1136_0d45df-8c inner-column-1\"><div class=\"kt-inside-inner-col\">\n<h1 class=\"wp-block-heading is-style-default\">Aviso legal<\/h1>\n\n\n<div class=\"wbq-spacer\" data-height-desktop=\"30px\" data-height-tablet=\"20px\" data-height-mobile=\"20px\"     style=\"min-height:30px;\"><\/div>\n\n\n\n<p>Encontrar\u00e1 informaci\u00f3n sobre la protecci\u00f3n de datos en&nbsp;<a href=\"https:\/\/www.sulzer.de\/es\/politica-de-privacidad\/\">aqu\u00ed<\/a>.<\/p>\n\n\n<div class=\"wbq-spacer\" data-height-desktop=\"30px\" data-height-tablet=\"20px\" data-height-mobile=\"20px\"     style=\"min-height:30px;\"><\/div>\n\n\n\n<p>Las partes externas interesadas pueden solicitar las directrices de seguridad de la informaci\u00f3n y el directorio p\u00fablico de procedimientos a la siguiente direcci\u00f3n:<\/p>\n\n\n<div class=\"wbq-spacer\" data-height-desktop=\"30px\" data-height-tablet=\"20px\" data-height-mobile=\"20px\"     style=\"min-height:30px;\"><\/div>\n\n\n\n<p>Sulzer GmbH<br>Frankfurter Ring 162<br>80807&nbsp;Munich<br>Germany<\/p>\n<\/div><\/div>\n\n\n<style>.kadence-column1136_b55a80-2e > .kt-inside-inner-col,.kadence-column1136_b55a80-2e > .kt-inside-inner-col:before{border-top-left-radius:0px;border-top-right-radius:0px;border-bottom-right-radius:0px;border-bottom-left-radius:0px;}.kadence-column1136_b55a80-2e > .kt-inside-inner-col{column-gap:var(--global-kb-gap-sm, 1rem);}.kadence-column1136_b55a80-2e > .kt-inside-inner-col{flex-direction:column;}.kadence-column1136_b55a80-2e > .kt-inside-inner-col > .aligncenter{width:100%;}.kadence-column1136_b55a80-2e > .kt-inside-inner-col:before{opacity:0.3;}.kadence-column1136_b55a80-2e{position:relative;}@media all and (max-width: 1024px){.kadence-column1136_b55a80-2e > .kt-inside-inner-col{flex-direction:column;justify-content:center;}}@media all and (max-width: 767px){.kadence-column1136_b55a80-2e > .kt-inside-inner-col{flex-direction:column;justify-content:center;}}<\/style>\n<div class=\"wp-block-kadence-column kadence-column1136_b55a80-2e inner-column-1\"><div class=\"kt-inside-inner-col\"><\/div><\/div>\n\n<\/div><\/div>\n\n<style>.kb-row-layout-id1136_d964ea-e3 > .kt-row-column-wrap{align-content:start;}:where(.kb-row-layout-id1136_d964ea-e3 > .kt-row-column-wrap) > .wp-block-kadence-column{justify-content:start;}.kb-row-layout-id1136_d964ea-e3 > .kt-row-column-wrap{column-gap:80px;row-gap:var(--global-kb-gap-md, 2rem);max-width:1310px;margin-left:auto;margin-right:auto;padding-top:0px;padding-right:40px;padding-bottom:79px;padding-left:40px;grid-template-columns:repeat(2, minmax(0, 1fr));}.kb-row-layout-id1136_d964ea-e3 > .kt-row-layout-overlay{opacity:0.30;}.kb-row-layout-id1136_d964ea-e3 .kt-row-layout-bottom-sep{height:100px;}.kb-row-layout-id1136_d964ea-e3 .kt-row-layout-bottom-sep svg{width:100%;}.kb-row-layout-id1136_d964ea-e3 .kt-row-layout-bottom-sep svg{fill:#ffffff!important;}@media all and (max-width: 1024px){.kb-row-layout-id1136_d964ea-e3 > .kt-row-column-wrap{padding-top:0px;padding-right:30px;padding-bottom:80px;padding-left:30px;grid-template-columns:repeat(2, minmax(0, 1fr));}}@media all and (max-width: 1024px){.kb-row-layout-id1136_d964ea-e3 .kt-row-layout-bottom-sep{height:px;}}@media all and (max-width: 1024px){.kb-row-layout-id1136_d964ea-e3 .kt-row-layout-bottom-sep svg{width:%;}}@media all and (max-width: 767px){.kb-row-layout-id1136_d964ea-e3 > .kt-row-column-wrap{padding-top:0px;padding-right:15px;padding-bottom:40px;padding-left:15px;grid-template-columns:minmax(0, 1fr);}.kb-row-layout-id1136_d964ea-e3 .kt-row-layout-bottom-sep{height:px;}.kb-row-layout-id1136_d964ea-e3 .kt-row-layout-bottom-sep svg{width:%;}}<\/style><div class=\"kb-row-layout-wrap kb-row-layout-id1136_d964ea-e3 alignnone wp-block-kadence-rowlayout\"><div class=\"kt-row-column-wrap kt-has-2-columns kt-row-layout-equal kt-tab-layout-inherit kt-mobile-layout-row kt-row-valign-top kt-inner-column-height-full\">\n<style>.kadence-column1136_202de1-05 > .kt-inside-inner-col,.kadence-column1136_202de1-05 > .kt-inside-inner-col:before{border-top-left-radius:0px;border-top-right-radius:0px;border-bottom-right-radius:0px;border-bottom-left-radius:0px;}.kadence-column1136_202de1-05 > .kt-inside-inner-col{column-gap:var(--global-kb-gap-sm, 1rem);}.kadence-column1136_202de1-05 > .kt-inside-inner-col{flex-direction:column;}.kadence-column1136_202de1-05 > .kt-inside-inner-col > .aligncenter{width:100%;}.kadence-column1136_202de1-05 > .kt-inside-inner-col:before{opacity:0.3;}.kadence-column1136_202de1-05{position:relative;}@media all and (max-width: 1024px){.kadence-column1136_202de1-05 > .kt-inside-inner-col{flex-direction:column;justify-content:center;}}@media all and (max-width: 767px){.kadence-column1136_202de1-05 > .kt-inside-inner-col{flex-direction:column;justify-content:center;}}<\/style>\n<div class=\"wp-block-kadence-column kadence-column1136_202de1-05 inner-column-1\"><div class=\"kt-inside-inner-col\">\n<p><strong>Contacto <\/strong><\/p>\n\n\n<div class=\"wbq-spacer\" data-height-desktop=\"20px\" data-height-tablet=\"20px\" data-height-mobile=\"20px\"     style=\"min-height:20px;\"><\/div>\n\n\n\n<p>Tel\u00e9fono: 089 31858 &#8211; 0<br>Fax: 089 31858 &#8211; 599<\/p>\n\n\n\n<div class=\"wp-block-webnique-blocks-textlink is-style-icon-right\"><div class=\"wbqb-textlink-wrapper\"><a href=\"#\" data-otliam=\"emVudHJhbGVAc3VsemVyLmRl\" class=\"has-pink-color has-normal-font-size\"><p><svg width=\"20\" height=\"10\" viewBox=\"0 0 20 10\" fill=\"none\" xmlns=\"http:\/\/www.w3.org\/2000\/svg\"><path d=\"M18.75 5.162h-18M15 1.196l3.75 3.966L15 9.13\" stroke=\"#e0004d\" stroke-width=\"1.5\" stroke-linejoin=\"round\"><\/path><\/svg><span>Enviar e-mail<span class=\"wbqb-textlink__line\" style=\"background-color: rgb(224, 0, 77);\"><\/span><\/span><\/p><\/a><\/div><\/div>\n\n\n<div class=\"wbq-spacer\" data-height-desktop=\"30px\" data-height-tablet=\"20px\" data-height-mobile=\"20px\"     style=\"min-height:30px;\"><\/div>\n\n\n\n<p><strong>Director General<\/strong><\/p>\n\n\n<div class=\"wbq-spacer\" data-height-desktop=\"20px\" data-height-tablet=\"20px\" data-height-mobile=\"20px\"     style=\"min-height:20px;\"><\/div>\n\n\n\n<p>Dr. Michael Kraus<\/p>\n\n\n<div class=\"wbq-spacer\" data-height-desktop=\"30px\" data-height-tablet=\"20px\" data-height-mobile=\"20px\"     style=\"min-height:30px;\"><\/div>\n\n\n\n<p><strong><strong>Sede de la empresa\/oficina registrada<\/strong><\/strong><\/p>\n\n\n<div class=\"wbq-spacer\" data-height-desktop=\"20px\" data-height-tablet=\"20px\" data-height-mobile=\"20px\"     style=\"min-height:20px;\"><\/div>\n\n\n\n<p>M\u00fcnchen,<br>Registergericht Amtsgericht M\u00fcnchen<br>HRB 309863<\/p>\n\n\n<div class=\"wbq-spacer\" data-height-desktop=\"30px\" data-height-tablet=\"20px\" data-height-mobile=\"20px\"     style=\"min-height:30px;\"><\/div>\n\n\n\n<p><strong>N\u00famero de identificaci\u00f3n del IVA<\/strong><\/p>\n\n\n<div class=\"wbq-spacer\" data-height-desktop=\"20px\" data-height-tablet=\"20px\" data-height-mobile=\"20px\"     style=\"min-height:20px;\"><\/div>\n\n\n\n<p>DE147866830<\/p>\n\n\n<div class=\"wbq-spacer\" data-height-desktop=\"30px\" data-height-tablet=\"20px\" data-height-mobile=\"20px\"     style=\"min-height:30px;\"><\/div>\n\n\n\n<p><\/p>\n<\/div><\/div>\n\n\n<style>.kadence-column1136_dacac8-0b > .kt-inside-inner-col,.kadence-column1136_dacac8-0b > .kt-inside-inner-col:before{border-top-left-radius:0px;border-top-right-radius:0px;border-bottom-right-radius:0px;border-bottom-left-radius:0px;}.kadence-column1136_dacac8-0b > .kt-inside-inner-col{column-gap:var(--global-kb-gap-sm, 1rem);}.kadence-column1136_dacac8-0b > .kt-inside-inner-col{flex-direction:column;}.kadence-column1136_dacac8-0b > .kt-inside-inner-col > .aligncenter{width:100%;}.kadence-column1136_dacac8-0b > .kt-inside-inner-col:before{opacity:0.3;}.kadence-column1136_dacac8-0b{position:relative;}@media all and (max-width: 1024px){.kadence-column1136_dacac8-0b > .kt-inside-inner-col{flex-direction:column;justify-content:center;}}@media all and (max-width: 767px){.kadence-column1136_dacac8-0b > .kt-inside-inner-col{flex-direction:column;justify-content:center;}}<\/style>\n<div class=\"wp-block-kadence-column kadence-column1136_dacac8-0b inner-column-1\"><div class=\"kt-inside-inner-col\"><\/div><\/div>\n\n<\/div><\/div>","protected":false},"excerpt":{"rendered":"<p>Aviso legal Encontrar\u00e1 informaci\u00f3n sobre la protecci\u00f3n de datos en&nbsp;aqu\u00ed. Las partes externas interesadas pueden solicitar las directrices de seguridad de la informaci\u00f3n y el directorio p\u00fablico de procedimientos a la siguiente direcci\u00f3n: Sulzer GmbHFrankfurter Ring 16280807&nbsp;MunichGermany Contacto Tel\u00e9fono: 089 31858 &#8211; 0Fax: 089 31858 &#8211; 599 Enviar e-mail Director General Dr. Michael Kraus Sede [&hellip;]<\/p>\n","protected":false},"author":1,"featured_media":0,"parent":0,"menu_order":13,"comment_status":"closed","ping_status":"closed","template":"","meta":{"_acf_changed":false,"_trash_the_other_posts":false,"editor_notices":[],"footnotes":""},"seitenkategorie":[],"class_list":["post-1136","page","type-page","status-publish","hentry"],"acf":[],"yoast_head":"<title>Aviso legal - Sulzer<\/title>\n<meta name=\"description\" content=\"informaci\u00f3n completa sobre los operadores de este sitio web, incluidos datos de contacto, responsabilidades e informaci\u00f3n jur\u00eddica.\" \/>\n<meta name=\"robots\" content=\"index, follow, max-snippet:-1, max-image-preview:large, max-video-preview:-1\" \/>\n<link rel=\"canonical\" href=\"https:\/\/www.sulzer.de\/es\/aviso-legal\/\" \/>\n<meta property=\"og:locale\" content=\"es_ES\" \/>\n<meta property=\"og:type\" content=\"article\" \/>\n<meta property=\"og:title\" content=\"Aviso legal - Sulzer\" \/>\n<meta property=\"og:description\" content=\"informaci\u00f3n completa sobre los operadores de este sitio web, incluidos datos de contacto, responsabilidades e informaci\u00f3n jur\u00eddica.\" \/>\n<meta property=\"og:url\" content=\"https:\/\/www.sulzer.de\/es\/aviso-legal\/\" \/>\n<meta property=\"og:site_name\" content=\"Sulzer\" \/>\n<meta property=\"article:publisher\" content=\"https:\/\/de-de.facebook.com\/SulzerGmbH\" \/>\n<meta property=\"article:modified_time\" content=\"2026-02-25T13:58:29+00:00\" \/>\n<meta property=\"og:image\" content=\"https:\/\/www.sulzer.de\/es\/wp-content\/uploads\/sites\/3\/2020\/10\/SAP-Sulzer-mobile.jpg\" \/>\n\t<meta property=\"og:image:width\" content=\"483\" \/>\n\t<meta property=\"og:image:height\" content=\"440\" \/>\n\t<meta property=\"og:image:type\" content=\"image\/jpeg\" \/>\n<meta name=\"twitter:card\" content=\"summary_large_image\" \/>\n<meta name=\"twitter:site\" content=\"@SulzerGmbH\" \/>\n<meta name=\"twitter:label1\" content=\"Tiempo de lectura\" \/>\n\t<meta name=\"twitter:data1\" content=\"1 minuto\" \/>\n<script type=\"application\/ld+json\" class=\"yoast-schema-graph\">{\"@context\":\"https:\\\/\\\/schema.org\",\"@graph\":[{\"@type\":\"WebPage\",\"@id\":\"https:\\\/\\\/www.sulzer.de\\\/es\\\/aviso-legal\\\/\",\"url\":\"https:\\\/\\\/www.sulzer.de\\\/es\\\/aviso-legal\\\/\",\"name\":\"Aviso legal - Sulzer\",\"isPartOf\":{\"@id\":\"https:\\\/\\\/www.sulzer.de\\\/es\\\/#website\"},\"datePublished\":\"2020-10-19T19:20:21+00:00\",\"dateModified\":\"2026-02-25T13:58:29+00:00\",\"description\":\"informaci\u00f3n completa sobre los operadores de este sitio web, incluidos datos de contacto, responsabilidades e informaci\u00f3n jur\u00eddica.\",\"breadcrumb\":{\"@id\":\"https:\\\/\\\/www.sulzer.de\\\/es\\\/aviso-legal\\\/#breadcrumb\"},\"inLanguage\":\"es\",\"potentialAction\":[{\"@type\":\"ReadAction\",\"target\":[\"https:\\\/\\\/www.sulzer.de\\\/es\\\/aviso-legal\\\/\"]}]},{\"@type\":\"BreadcrumbList\",\"@id\":\"https:\\\/\\\/www.sulzer.de\\\/es\\\/aviso-legal\\\/#breadcrumb\",\"itemListElement\":[{\"@type\":\"ListItem\",\"position\":1,\"name\":\"Home\",\"item\":\"https:\\\/\\\/www.sulzer.de\\\/es\\\/\"},{\"@type\":\"ListItem\",\"position\":2,\"name\":\"Aviso legal\"}]},{\"@type\":\"WebSite\",\"@id\":\"https:\\\/\\\/www.sulzer.de\\\/es\\\/#website\",\"url\":\"https:\\\/\\\/www.sulzer.de\\\/es\\\/\",\"name\":\"Sulzer Espa\u00f1a\",\"description\":\"Datafying business transformation\",\"publisher\":{\"@id\":\"https:\\\/\\\/www.sulzer.de\\\/es\\\/#organization\"},\"potentialAction\":[{\"@type\":\"SearchAction\",\"target\":{\"@type\":\"EntryPoint\",\"urlTemplate\":\"https:\\\/\\\/www.sulzer.de\\\/es\\\/?s={search_term_string}\"},\"query-input\":{\"@type\":\"PropertyValueSpecification\",\"valueRequired\":true,\"valueName\":\"search_term_string\"}}],\"inLanguage\":\"es\"},{\"@type\":\"Organization\",\"@id\":\"https:\\\/\\\/www.sulzer.de\\\/es\\\/#organization\",\"name\":\"Sulzer Espa\u00f1a\",\"url\":\"https:\\\/\\\/www.sulzer.de\\\/es\\\/\",\"logo\":{\"@type\":\"ImageObject\",\"inLanguage\":\"es\",\"@id\":\"https:\\\/\\\/www.sulzer.de\\\/es\\\/#\\\/schema\\\/logo\\\/image\\\/\",\"url\":\"https:\\\/\\\/www.sulzer.de\\\/es\\\/wp-content\\\/uploads\\\/sites\\\/3\\\/2020\\\/11\\\/Sulzer-Logo.svg\",\"contentUrl\":\"https:\\\/\\\/www.sulzer.de\\\/es\\\/wp-content\\\/uploads\\\/sites\\\/3\\\/2020\\\/11\\\/Sulzer-Logo.svg\",\"width\":142,\"height\":36,\"caption\":\"Sulzer Espa\u00f1a\"},\"image\":{\"@id\":\"https:\\\/\\\/www.sulzer.de\\\/es\\\/#\\\/schema\\\/logo\\\/image\\\/\"},\"sameAs\":[\"https:\\\/\\\/de-de.facebook.com\\\/SulzerGmbH\",\"https:\\\/\\\/x.com\\\/SulzerGmbH\",\"https:\\\/\\\/www.instagram.com\\\/sulzergmbh\\\/\",\"https:\\\/\\\/www.linkedin.com\\\/company\\\/sulzer-espaa\"]}]}<\/script>","yoast_head_json":{"title":"Aviso legal - Sulzer","description":"informaci\u00f3n completa sobre los operadores de este sitio web, incluidos datos de contacto, responsabilidades e informaci\u00f3n jur\u00eddica.","robots":{"index":"index","follow":"follow","max-snippet":"max-snippet:-1","max-image-preview":"max-image-preview:large","max-video-preview":"max-video-preview:-1"},"canonical":"https:\/\/www.sulzer.de\/es\/aviso-legal\/","og_locale":"es_ES","og_type":"article","og_title":"Aviso legal - Sulzer","og_description":"informaci\u00f3n completa sobre los operadores de este sitio web, incluidos datos de contacto, responsabilidades e informaci\u00f3n jur\u00eddica.","og_url":"https:\/\/www.sulzer.de\/es\/aviso-legal\/","og_site_name":"Sulzer","article_publisher":"https:\/\/de-de.facebook.com\/SulzerGmbH","article_modified_time":"2026-02-25T13:58:29+00:00","og_image":[{"width":483,"height":440,"url":"https:\/\/www.sulzer.de\/es\/wp-content\/uploads\/sites\/3\/2020\/10\/SAP-Sulzer-mobile.jpg","type":"image\/jpeg"}],"twitter_card":"summary_large_image","twitter_site":"@SulzerGmbH","twitter_misc":{"Tiempo de lectura":"1 minuto"},"schema":{"@context":"https:\/\/schema.org","@graph":[{"@type":"WebPage","@id":"https:\/\/www.sulzer.de\/es\/aviso-legal\/","url":"https:\/\/www.sulzer.de\/es\/aviso-legal\/","name":"Aviso legal - Sulzer","isPartOf":{"@id":"https:\/\/www.sulzer.de\/es\/#website"},"datePublished":"2020-10-19T19:20:21+00:00","dateModified":"2026-02-25T13:58:29+00:00","description":"informaci\u00f3n completa sobre los operadores de este sitio web, incluidos datos de contacto, responsabilidades e informaci\u00f3n jur\u00eddica.","breadcrumb":{"@id":"https:\/\/www.sulzer.de\/es\/aviso-legal\/#breadcrumb"},"inLanguage":"es","potentialAction":[{"@type":"ReadAction","target":["https:\/\/www.sulzer.de\/es\/aviso-legal\/"]}]},{"@type":"BreadcrumbList","@id":"https:\/\/www.sulzer.de\/es\/aviso-legal\/#breadcrumb","itemListElement":[{"@type":"ListItem","position":1,"name":"Home","item":"https:\/\/www.sulzer.de\/es\/"},{"@type":"ListItem","position":2,"name":"Aviso legal"}]},{"@type":"WebSite","@id":"https:\/\/www.sulzer.de\/es\/#website","url":"https:\/\/www.sulzer.de\/es\/","name":"Sulzer Espa\u00f1a","description":"Datafying business transformation","publisher":{"@id":"https:\/\/www.sulzer.de\/es\/#organization"},"potentialAction":[{"@type":"SearchAction","target":{"@type":"EntryPoint","urlTemplate":"https:\/\/www.sulzer.de\/es\/?s={search_term_string}"},"query-input":{"@type":"PropertyValueSpecification","valueRequired":true,"valueName":"search_term_string"}}],"inLanguage":"es"},{"@type":"Organization","@id":"https:\/\/www.sulzer.de\/es\/#organization","name":"Sulzer Espa\u00f1a","url":"https:\/\/www.sulzer.de\/es\/","logo":{"@type":"ImageObject","inLanguage":"es","@id":"https:\/\/www.sulzer.de\/es\/#\/schema\/logo\/image\/","url":"https:\/\/www.sulzer.de\/es\/wp-content\/uploads\/sites\/3\/2020\/11\/Sulzer-Logo.svg","contentUrl":"https:\/\/www.sulzer.de\/es\/wp-content\/uploads\/sites\/3\/2020\/11\/Sulzer-Logo.svg","width":142,"height":36,"caption":"Sulzer Espa\u00f1a"},"image":{"@id":"https:\/\/www.sulzer.de\/es\/#\/schema\/logo\/image\/"},"sameAs":["https:\/\/de-de.facebook.com\/SulzerGmbH","https:\/\/x.com\/SulzerGmbH","https:\/\/www.instagram.com\/sulzergmbh\/","https:\/\/www.linkedin.com\/company\/sulzer-espaa"]}]}},"_links":{"self":[{"href":"https:\/\/www.sulzer.de\/es\/wp-json\/wp\/v2\/pages\/1136","targetHints":{"allow":["GET"]}}],"collection":[{"href":"https:\/\/www.sulzer.de\/es\/wp-json\/wp\/v2\/pages"}],"about":[{"href":"https:\/\/www.sulzer.de\/es\/wp-json\/wp\/v2\/types\/page"}],"author":[{"embeddable":true,"href":"https:\/\/www.sulzer.de\/es\/wp-json\/wp\/v2\/users\/1"}],"replies":[{"embeddable":true,"href":"https:\/\/www.sulzer.de\/es\/wp-json\/wp\/v2\/comments?post=1136"}],"version-history":[{"count":0,"href":"https:\/\/www.sulzer.de\/es\/wp-json\/wp\/v2\/pages\/1136\/revisions"}],"wp:attachment":[{"href":"https:\/\/www.sulzer.de\/es\/wp-json\/wp\/v2\/media?parent=1136"}],"wp:term":[{"taxonomy":"seitenkategorie","embeddable":true,"href":"https:\/\/www.sulzer.de\/es\/wp-json\/wp\/v2\/seitenkategorie?post=1136"}],"curies":[{"name":"wp","href":"https:\/\/api.w.org\/{rel}","templated":true}]}}